{"id":20,"date":"2020-05-31T14:18:58","date_gmt":"2020-05-31T12:18:58","guid":{"rendered":"http:\/\/fvgk-klipphausen.de\/wp\/?page_id=20"},"modified":"2025-09-28T23:09:44","modified_gmt":"2025-09-28T21:09:44","slug":"impressum","status":"publish","type":"page","link":"https:\/\/fvgk-klipphausen.de\/wp\/impressum\/","title":{"rendered":"Impressum"},"content":{"rendered":"<h1 class=\"adsimple-321184053\" data-fontsize=\"32\" data-lineheight=\"44\"><strong><span style=\"font-family: arial, helvetica, sans-serif;\">Impressum<\/span><\/strong><\/h1>\n<p class=\"adsimple-321184053\"><span style=\"font-family: arial, helvetica, sans-serif;\">Informationspflicht laut \u00a7 5 TMG.<\/span><\/p>\n<p class=\"adsimple-321184053\"><span style=\"font-family: arial, helvetica, sans-serif;\">F\u00f6rderverein der Grundschule und Kindertagesst\u00e4tte Klipphausen e.V.<\/span><\/p>\n<p><span style=\"font-family: arial, helvetica, sans-serif;\">H\u00fchndorfer Stra\u00dfe 30, <\/span><br \/>\n<span style=\"font-family: arial, helvetica, sans-serif;\">01665 Klipphausen, <\/span><br \/>\n<span style=\"font-family: arial, helvetica, sans-serif;\">Deutschland<\/span><\/p>\n<p class=\"adsimple-321184053\"><span style=\"font-family: arial, helvetica, sans-serif;\"><strong>Tel.:<\/strong> +49 35204 97210<\/span><br \/>\n<span style=\"font-family: arial, helvetica, sans-serif;\"><strong>Fax:<\/strong> +49 35204 39898<\/span><br \/>\n<span style=\"font-family: arial, helvetica, sans-serif;\"><strong>E-Mail:<\/strong> <a href=\"mailto:foerderverein@gsk.lernsax.de\">foerderverein@gsk.lernsax.de<\/a><\/span><\/p>\n<p class=\"adsimple-321184053\"><span style=\"font-family: arial, helvetica, sans-serif;\"><strong>Vereinszweck<\/strong><\/span><br \/>\n<span style=\"font-family: arial, helvetica, sans-serif;\">Der Verein wurde mit dem Zweck gegr\u00fcndet, die Arbeit der Lehrer an der Grundschule Klipphausen sowie die Arbeit der Erzieher in der Kindertagesst\u00e4tte &#8222;Regenbogen&#8220; in Klipphausen zu unterst\u00fctzen.<\/span><\/p>\n<p class=\"adsimple-321184053\"><span style=\"font-family: arial, helvetica, sans-serif;\"><strong>Gemeinschaftlich vertretungsbefugt<br \/>\n<\/strong><\/span><br \/>\n<span style=\"font-family: arial, helvetica, sans-serif;\"><strong>Vorsitzender:<\/strong><\/span><br \/>\n<span style=\"font-family: arial, helvetica, sans-serif;\">Thomas Leistner, Email: foerderverein@gsk.lernsax.de<\/span><\/p>\n<p><span style=\"font-family: arial, helvetica, sans-serif;\"><strong>stellvertretende Vorsitzende:<\/strong><\/span><br \/>\n<span style=\"font-family: arial, helvetica, sans-serif;\">Jane Leistner, Email: foerderverein.sv@gsk.lernsax.de<\/span><\/p>\n<p class=\"adsimple-321184053\"><span style=\"font-family: arial, helvetica, sans-serif;\"><strong>Register:<\/strong> Vereinsregister<\/span><br \/>\n<span style=\"font-family: arial, helvetica, sans-serif;\"><strong>Registernummer:<\/strong> VR10560<\/span><br \/>\n<span style=\"font-family: arial, helvetica, sans-serif;\"><strong>Registergericht:<\/strong> Dresden<\/span><\/p>\n<p><span style=\"font-family: arial, helvetica, sans-serif;\">Quelle: Erstellt\u00a0mit dem <a title=\"Impressum Generator Deutschland\" href=\"https:\/\/www.adsimple.de\/impressum-generator\/\" target=\"_blank\" rel=\"follow noopener noreferrer\">Impressum Generator<\/a> von AdSimple\u00a0in Kooperation mit <a title=\"\" href=\"https:\/\/www.justmed.de\" target=\"_blank\" rel=\"follow noopener noreferrer\">justmed.de<\/a><\/span><\/p>\n<h2 class=\"adsimple-321184053\" data-fontsize=\"24\" data-lineheight=\"36\"><strong><span style=\"font-family: arial, helvetica, sans-serif;\">EU-Streitschlichtung<\/span><\/strong><\/h2>\n<p><span style=\"font-family: arial, helvetica, sans-serif;\">Gem\u00e4\u00df Verordnung \u00fcber Online-Streitbeilegung in Verbraucherangelegenheiten (ODR-Verordnung) m\u00f6chten wir Sie \u00fcber die Online-Streitbeilegungsplattform (OS-Plattform) informieren.<\/span><br \/>\n<span style=\"font-family: arial, helvetica, sans-serif;\">Verbraucher haben die M\u00f6glichkeit, Beschwerden an die Online Streitbeilegungsplattform der Europ\u00e4ischen Kommission unter <a class=\"adsimple-321184053\" href=\"https:\/\/ec.europa.eu\/consumers\/odr\/main\/index.cfm?event=main.home2.show&amp;lng=DE\" target=\"_blank\" rel=\"noopener noreferrer\">http:\/\/ec.europa.eu\/odr?tid=321184053<\/a> zu richten. Die daf\u00fcr notwendigen Kontaktdaten finden Sie oberhalb in unserem Impressum.<\/span><\/p>\n<p><span style=\"font-family: arial, helvetica, sans-serif;\">Wir m\u00f6chten Sie jedoch darauf hinweisen, dass wir nicht bereit oder verpflichtet sind, an Streitbeilegungsverfahren vor einer Verbraucherschlichtungsstelle teilzunehmen.<\/span><\/p>\n<h2 class=\"adsimple-321184053\" data-fontsize=\"24\" data-lineheight=\"36\"><strong><span style=\"font-family: arial, helvetica, sans-serif;\">Haftung f\u00fcr Inhalte dieser Website<\/span><\/strong><\/h2>\n<p><span style=\"font-family: arial, helvetica, sans-serif;\">Wir entwickeln die Inhalte dieser Webseite st\u00e4ndig weiter und bem\u00fchen uns korrekte und aktuelle Informationen bereitzustellen. Laut Telemediengesetz <a class=\"adsimple-321184053\" href=\"https:\/\/www.gesetze-im-internet.de\/tmg\/__7.html?tid=321184053\" target=\"_blank\" rel=\"noopener noreferrer\">(TMG) \u00a77 (1)<\/a> sind wir als Diensteanbieter f\u00fcr eigene Informationen, die wir zur Nutzung bereitstellen, nach den allgemeinen Gesetzen verantwortlich. Leider k\u00f6nnen wir keine Haftung f\u00fcr die Korrektheit aller Inhalte auf dieser Webseite \u00fcbernehmen, speziell f\u00fcr jene die seitens Dritter bereitgestellt wurden. Als Diensteanbieter im Sinne der \u00a7\u00a7 8 bis 10 sind wir nicht verpflichtet, die von ihnen \u00fcbermittelten oder gespeicherten Informationen zu \u00fcberwachen oder nach Umst\u00e4nden zu forschen, die auf eine rechtswidrige T\u00e4tigkeit hinweisen.<\/span><\/p>\n<p><span style=\"font-family: arial, helvetica, sans-serif;\">Unsere Verpflichtungen zur Entfernung von Informationen oder zur Sperrung der Nutzung von Informationen nach den allgemeinen Gesetzen aufgrund von gerichtlichen oder beh\u00f6rdlichen Anordnungen bleiben auch im Falle unserer Nichtverantwortlichkeit nach den \u00a7\u00a7 8 bis 10 unber\u00fchrt.<\/span><\/p>\n<p><span style=\"font-family: arial, helvetica, sans-serif;\">Sollten Ihnen problematische oder rechtswidrige Inhalte auffallen, bitte wir Sie uns umgehend zu kontaktieren, damit wir die rechtswidrigen Inhalte entfernen k\u00f6nnen. Sie finden die Kontaktdaten im Impressum.<\/span><\/p>\n<h2 class=\"adsimple-321184053\" data-fontsize=\"24\" data-lineheight=\"36\"><strong><span style=\"font-family: arial, helvetica, sans-serif;\">Haftung f\u00fcr Links auf dieser Website<\/span><\/strong><\/h2>\n<p><span style=\"font-family: arial, helvetica, sans-serif;\">Unsere Webseite enth\u00e4lt Links zu anderen Webseiten f\u00fcr deren Inhalt wir nicht verantwortlich sind. Haftung f\u00fcr verlinkte Websites besteht f\u00fcr uns nicht, da wir keine Kenntnis rechtswidriger T\u00e4tigkeiten hatten und haben, uns solche Rechtswidrigkeiten auch bisher nicht aufgefallen sind und wir Links sofort entfernen w\u00fcrden, wenn uns Rechtswidrigkeiten bekannt werden.<\/span><\/p>\n<p><span style=\"font-family: arial, helvetica, sans-serif;\">Wenn Ihnen rechtswidrige Links auf unserer Website auffallen, bitte wir Sie uns zu kontaktieren. Sie finden die Kontaktdaten im Impressum.<\/span><\/p>\n<h2 class=\"adsimple-321184053\" data-fontsize=\"24\" data-lineheight=\"36\"><strong><span style=\"font-family: arial, helvetica, sans-serif;\">Urheberrechtshinweis<\/span><\/strong><\/h2>\n<p><span style=\"font-family: arial, helvetica, sans-serif;\">Alle Inhalte dieser Webseite (Bilder, Fotos, Texte, Videos) unterliegen dem Urheberrecht der Bundesrepublik Deutschland. Bitte fragen Sie uns bevor Sie die Inhalte dieser Website verbreiten, vervielf\u00e4ltigen oder verwerten wie zum Beispiel auf anderen Websites erneut ver\u00f6ffentlichen. Falls notwendig, werden wir die unerlaubte Nutzung von Teilen der Inhalte unserer Seite rechtlich verfolgen.<\/span><\/p>\n<p><span style=\"font-family: arial, helvetica, sans-serif;\">Sollten Sie auf dieser Webseite Inhalte finden, die das Urheberrecht verletzen, bitten wir Sie uns zu kontaktieren.<\/span><\/p>\n<h2 class=\"adsimple-321184053\" data-fontsize=\"24\" data-lineheight=\"36\"><strong><span style=\"font-family: arial, helvetica, sans-serif;\">Bildernachweis<\/span><\/strong><\/h2>\n<p><span style=\"font-family: arial, helvetica, sans-serif;\">Die Bilder, Fotos und Grafiken auf dieser Webseite sind urheberrechtlich gesch\u00fctzt.<\/span><\/p>\n<p><span style=\"font-family: arial, helvetica, sans-serif;\">Die Bilderrechte liegen bei den folgenden Fotografen und Unternehmen:<\/span><\/p>\n<ul class=\"adsimple-321184053\">\n<li class=\"adsimple-321184053\"><span style=\"font-family: arial, helvetica, sans-serif;\">F\u00f6rderverein der Grundschule und Kindertagesst\u00e4tte Klipphausen e.V.<br \/>\n<\/span><\/li>\n<\/ul>\n","protected":false},"excerpt":{"rendered":"<p>Impressum Informationspflicht laut \u00a7 5 TMG. F\u00f6rderverein der Grundschule und Kindertagesst\u00e4tte Klipphausen e.V. H\u00fchndorfer Stra\u00dfe 30, 01665 Klipphausen, Deutschland Tel.: +49 35204 97210 Fax: +49 35204 39898 E-Mail: foerderverein@gsk.lernsax.de Vereinszweck Der Verein wurde mit dem Zweck gegr\u00fcndet, die Arbeit der &hellip; <a href=\"https:\/\/fvgk-klipphausen.de\/wp\/impressum\/\">Weiterlesen <span class=\"meta-nav\">&rarr;<\/span><\/a><\/p>\n","protected":false},"author":1,"featured_media":0,"parent":0,"menu_order":0,"comment_status":"closed","ping_status":"closed","template":"","meta":{"footnotes":""},"class_list":["post-20","page","type-page","status-publish","hentry"],"_links":{"self":[{"href":"https:\/\/fvgk-klipphausen.de\/wp\/wp-json\/wp\/v2\/pages\/20","targetHints":{"allow":["GET"]}}],"collection":[{"href":"https:\/\/fvgk-klipphausen.de\/wp\/wp-json\/wp\/v2\/pages"}],"about":[{"href":"https:\/\/fvgk-klipphausen.de\/wp\/wp-json\/wp\/v2\/types\/page"}],"author":[{"embeddable":true,"href":"https:\/\/fvgk-klipphausen.de\/wp\/wp-json\/wp\/v2\/users\/1"}],"replies":[{"embeddable":true,"href":"https:\/\/fvgk-klipphausen.de\/wp\/wp-json\/wp\/v2\/comments?post=20"}],"version-history":[{"count":8,"href":"https:\/\/fvgk-klipphausen.de\/wp\/wp-json\/wp\/v2\/pages\/20\/revisions"}],"predecessor-version":[{"id":241,"href":"https:\/\/fvgk-klipphausen.de\/wp\/wp-json\/wp\/v2\/pages\/20\/revisions\/241"}],"wp:attachment":[{"href":"https:\/\/fvgk-klipphausen.de\/wp\/wp-json\/wp\/v2\/media?parent=20"}],"curies":[{"name":"wp","href":"https:\/\/api.w.org\/{rel}","templated":true}]}}